{"id":1108,"date":"2018-04-21T23:37:48","date_gmt":"2018-04-21T22:37:48","guid":{"rendered":"http:\/\/ipsview.brownson.at\/?page_id=1108"},"modified":"2018-04-23T22:27:49","modified_gmt":"2018-04-23T21:27:49","slug":"blog","status":"publish","type":"page","link":"https:\/\/ipsview.brownson.at\/?page_id=1108","title":{"rendered":"Blog"},"content":{"rendered":"<div class=\"fusion-fullwidth fullwidth-box fusion-builder-row-1 nonhundred-percent-fullwidth non-hundred-percent-height-scrolling\" style=\"--awb-border-radius-top-left:0px;--awb-border-radius-top-right:0px;--awb-border-radius-bottom-right:0px;--awb-border-radius-bottom-left:0px;--awb-flex-wrap:wrap;\" ><div class=\"fusion-builder-row fusion-row\"><div class=\"fusion-layout-column fusion_builder_column fusion-builder-column-0 fusion_builder_column_3_4 3_4 fusion-three-fourth fusion-column-first\" style=\"--awb-bg-size:cover;width:75%;width:calc(75% - ( ( 4% ) * 0.75 ) );margin-right: 4%;\"><div class=\"fusion-column-wrapper fusion-flex-column-wrapper-legacy\"><div class=\"fusion-blog-shortcode fusion-blog-shortcode-1 fusion-blog-archive fusion-blog-layout-large fusion-blog-pagination\"><div class=\"fusion-posts-container fusion-posts-container-pagination fusion-no-meta-info fusion-blog-rollover\" data-pages=\"10\"><article id=\"blog-1-post-2794\" class=\"fusion-post-large post-2794 post type-post status-publish format-standard hentry category-news tag-ipsview tag-news tag-release\">\n\t<style type=\"text\/css\">\n\t\t\n\t\t\n\t\t\n\t\t\n\t\t\t<\/style>\n\n\n<div class=\"fusion-post-content post-content\"><h2 class=\"blog-shortcode-post-title entry-title\"><a href=\"https:\/\/ipsview.brownson.at\/?p=2794\">IPSView 6.5<\/a><\/h2><div class=\"fusion-post-content-container\"><p> IPSView 6.5  IPSView 6.5 ist nun offiziell released und kann \u00fcber den IP-Symcon Store installiert werden. Unterst\u00fctzung der [...]<\/p><\/div><\/div><div class=\"fusion-clearfix\"><\/div><\/article>\n<article id=\"blog-1-post-2810\" class=\"fusion-post-large post-2810 post type-post status-publish format-standard hentry category-howto tag-kindersicherung tag-passwort tag-protect tag-schutz\">\n\t<style type=\"text\/css\">\n\t\t\n\t\t\n\t\t\n\t\t\n\t\t\t<\/style>\n\n\n<div class=\"fusion-post-content post-content\"><h2 class=\"blog-shortcode-post-title entry-title\"><a href=\"https:\/\/ipsview.brownson.at\/?p=2810\">Passwort Schutz<\/a><\/h2><div class=\"fusion-post-content-container\"><p> Bereich mit Passwort sch\u00fctzen  Mit IPSView 6.5 gibt es eine sehr einfache M\u00f6glichkeit einen Bereich in der View [...]<\/p><\/div><\/div><div class=\"fusion-clearfix\"><\/div><\/article>\n<article id=\"blog-1-post-2774\" class=\"fusion-post-large post-2774 post type-post status-publish format-standard hentry category-howto tag-alarm tag-batterie tag-meldung tag-menu tag-overlay tag-viewvariable\">\n\t<style type=\"text\/css\">\n\t\t\n\t\t\n\t\t\n\t\t\n\t\t\t<\/style>\n\n\n<div class=\"fusion-post-content post-content\"><h2 class=\"blog-shortcode-post-title entry-title\"><a href=\"https:\/\/ipsview.brownson.at\/?p=2774\">Anzeige von Meldungen<\/a><\/h2><div class=\"fusion-post-content-container\"><p> Anzeige von Meldungen  In diesem Beitrag m\u00f6chte ich euch eine M\u00f6glichkeit einer Meldungsanzeige vorstellen. Ich verwende die Nachrichten [...]<\/p><\/div><\/div><div class=\"fusion-clearfix\"><\/div><\/article>\n<article id=\"blog-1-post-2744\" class=\"fusion-post-large post-2744 post type-post status-publish format-standard hentry category-howto tag-beleuchtung tag-licht tag-menu tag-overlay tag-viewvariable\">\n\t<style type=\"text\/css\">\n\t\t\n\t\t\n\t\t\n\t\t\n\t\t\t<\/style>\n\n\n<div class=\"fusion-post-content post-content\"><h2 class=\"blog-shortcode-post-title entry-title\"><a href=\"https:\/\/ipsview.brownson.at\/?p=2744\">Menu Overlay &#8211; Anzahl Licht<\/a><\/h2><div class=\"fusion-post-content-container\"><p> Menu Overlay \u2013 Anzahl Licht  Und noch ein Beitrag zum Thema Menu Overlay, diesmal m\u00f6chte ich euch zeigen [...]<\/p><\/div><\/div><div class=\"fusion-clearfix\"><\/div><\/article>\n<article id=\"blog-1-post-2730\" class=\"fusion-post-large post-2730 post type-post status-publish format-standard hentry category-howto tag-menu tag-offen tag-overlay tag-tuere tag-viewvariable\">\n\t<style type=\"text\/css\">\n\t\t\n\t\t\n\t\t\n\t\t\n\t\t\t<\/style>\n\n\n<div class=\"fusion-post-content post-content\"><h2 class=\"blog-shortcode-post-title entry-title\"><a href=\"https:\/\/ipsview.brownson.at\/?p=2730\">Menu Overlay &#8211; T\u00fcre offen<\/a><\/h2><div class=\"fusion-post-content-container\"><p> Menu Overlay \u2013 T\u00fcre offen  In diesem Beitrag m\u00f6chte ich euch zeigen, wie ihr ein Menu Overlay zur [...]<\/p><\/div><\/div><div class=\"fusion-clearfix\"><\/div><\/article>\n<article id=\"blog-1-post-2716\" class=\"fusion-post-large post-2716 post type-post status-publish format-standard hentry category-howto tag-erweiterbar tag-expand tag-expandable tag-menu\">\n\t<style type=\"text\/css\">\n\t\t\n\t\t\n\t\t\n\t\t\n\t\t\t<\/style>\n\n\n<div class=\"fusion-post-content post-content\"><h2 class=\"blog-shortcode-post-title entry-title\"><a href=\"https:\/\/ipsview.brownson.at\/?p=2716\">Erweiterbares Men\u00fc<\/a><\/h2><div class=\"fusion-post-content-container\"><p>Erweiterbares Men\u00fc  Mit IPSView 6.4 steht nun auch eine M\u00f6glichkeit zur Verf\u00fcgung ein ausklappbares Men\u00fc zu erstellen.\u00a0 Wie ihr [...]<\/p><\/div><\/div><div class=\"fusion-clearfix\"><\/div><\/article>\n<article id=\"blog-1-post-2648\" class=\"fusion-post-large post-2648 post type-post status-publish format-standard hentry category-news tag-ipsview tag-news tag-release\">\n\t<style type=\"text\/css\">\n\t\t\n\t\t\n\t\t\n\t\t\n\t\t\t<\/style>\n\n\n<div class=\"fusion-post-content post-content\"><h2 class=\"blog-shortcode-post-title entry-title\"><a href=\"https:\/\/ipsview.brownson.at\/?p=2648\">IPSView 6.4<\/a><\/h2><div class=\"fusion-post-content-container\"><p> IPSView 6.4  IPSView 6.4 ist nun offiziell verf\u00fcgbar und kann \u00fcber den IP-Symcon Store installiert werden.  Unterst\u00fctzung [...]<\/p><\/div><\/div><div class=\"fusion-clearfix\"><\/div><\/article>\n<article id=\"blog-1-post-2696\" class=\"fusion-post-large post-2696 post type-post status-publish format-standard hentry category-howto tag-popups tag-stream tag-tuersprechanlage\">\n\t<style type=\"text\/css\">\n\t\t\n\t\t\n\t\t\n\t\t\n\t\t\t<\/style>\n\n\n<div class=\"fusion-post-content post-content\"><h2 class=\"blog-shortcode-post-title entry-title\"><a href=\"https:\/\/ipsview.brownson.at\/?p=2696\">T\u00fcrsprechanlage einbinden<\/a><\/h2><div class=\"fusion-post-content-container\"><p>T\u00fcrsprechanlage einbinden  IPSView 6.4 bietet nun auch die M\u00f6glichkeit T\u00fcrsprechanlagen in den Client zu integrieren. Wie man das beispielsweise [...]<\/p><\/div><\/div><div class=\"fusion-clearfix\"><\/div><\/article>\n<article id=\"blog-1-post-2684\" class=\"fusion-post-large post-2684 post type-post status-publish format-standard hentry category-howto tag-alarmanlage tag-code tag-schalten tag-schuetzen\">\n\t<style type=\"text\/css\">\n\t\t\n\t\t\n\t\t\n\t\t\n\t\t\t<\/style>\n\n\n<div class=\"fusion-post-content post-content\"><h2 class=\"blog-shortcode-post-title entry-title\"><a href=\"https:\/\/ipsview.brownson.at\/?p=2684\">Alarmanlage mit Code Ein- und Ausschalten<\/a><\/h2><div class=\"fusion-post-content-container\"><p>Code Eingabe f\u00fcr Alarmanlage  Habe wieder mal einen \u00e4lteren Beitrag auf den Stand der Zeit gebracht. Im folgenden Beitrag [...]<\/p><\/div><\/div><div class=\"fusion-clearfix\"><\/div><\/article>\n<article id=\"blog-1-post-2651\" class=\"fusion-post-large post-2651 post type-post status-publish format-standard hentry category-howto tag-bild tag-floorplan tag-image\">\n\t<style type=\"text\/css\">\n\t\t\n\t\t\n\t\t\n\t\t\n\t\t\t<\/style>\n\n\n<div class=\"fusion-post-content post-content\"><h2 class=\"blog-shortcode-post-title entry-title\"><a href=\"https:\/\/ipsview.brownson.at\/?p=2651\">Floorplan erstellen<\/a><\/h2><div class=\"fusion-post-content-container\"><p>Erstellung eines Floorplans  Da es immer wieder mal Fragen zur Erstellung eines Floorplans gibt, m\u00f6chte ich dem Thema auch [...]<\/p><\/div><\/div><div class=\"fusion-clearfix\"><\/div><\/article>\n<article id=\"blog-1-post-2623\" class=\"fusion-post-large post-2623 post type-post status-publish format-standard hentry category-howto tag-dimmen tag-display tag-remote\">\n\t<style type=\"text\/css\">\n\t\t\n\t\t\n\t\t\n\t\t\n\t\t\t<\/style>\n\n\n<div class=\"fusion-post-content post-content\"><h2 class=\"blog-shortcode-post-title entry-title\"><a href=\"https:\/\/ipsview.brownson.at\/?p=2623\">Abdunkeln des Displays<\/a><\/h2><div class=\"fusion-post-content-container\"><p> Abdunkelung des Displays  Mit der Version 6.3 wurde das \u201eHintergrund Service\u201c f\u00fcr Android entfernt und anstatt der Android [...]<\/p><\/div><\/div><div class=\"fusion-clearfix\"><\/div><\/article>\n<article id=\"blog-1-post-2593\" class=\"fusion-post-large post-2593 post type-post status-publish format-standard hentry category-news tag-ipsview tag-news tag-release\">\n\t<style type=\"text\/css\">\n\t\t\n\t\t\n\t\t\n\t\t\n\t\t\t<\/style>\n\n\n<div class=\"fusion-post-content post-content\"><h2 class=\"blog-shortcode-post-title entry-title\"><a href=\"https:\/\/ipsview.brownson.at\/?p=2593\">IPSView 6.3<\/a><\/h2><div class=\"fusion-post-content-container\"><p>IPSView 6.3 IPSView 6.3 ist nun offiziell verf\u00fcgbar und kann \u00fcber den IP-Symcon Store installiert werden.  Neues Steuerelement f\u00fcr [...]<\/p><\/div><\/div><div class=\"fusion-clearfix\"><\/div><\/article>\n<\/div><div class=\"pagination clearfix\"><span class=\"current\">1<\/span><a href=\"https:\/\/ipsview.brownson.at\/index.php?rest_route=%2Fwp%2Fv2%2Fpages%2F1108&#038;paged=2\" class=\"inactive\">2<\/a><a class=\"pagination-next\" rel=\"next\" href=\"https:\/\/ipsview.brownson.at\/index.php?rest_route=%2Fwp%2Fv2%2Fpages%2F1108&#038;paged=2\"><span class=\"page-text\">Vor<\/span><span class=\"page-next\"><\/span><\/a><\/div><div class=\"fusion-clearfix\"><\/div><\/div><div class=\"fusion-clearfix\"><\/div><\/div><\/div><div class=\"fusion-layout-column fusion_builder_column fusion-builder-column-1 fusion_builder_column_1_4 1_4 fusion-one-fourth fusion-column-last\" style=\"--awb-bg-size:cover;width:25%;width:calc(25% - ( ( 4% ) * 0.25 ) );\"><div class=\"fusion-column-wrapper fusion-flex-column-wrapper-legacy\"><div class=\"fusion-widget-area awb-widget-area-element fusion-widget-area-1 fusion-content-widget-area\" style=\"--awb-title-color:#333333;--awb-padding:0px 0px 0px 0px;\">\n\t\t<section id=\"recent-posts-2\" class=\"widget widget_recent_entries\">\n\t\t<div class=\"heading\"><h4 class=\"widget-title\">Letzte Beitr\u00e4ge<\/h4><\/div>\n\t\t<ul>\n\t\t\t\t\t\t\t\t\t\t\t<li>\n\t\t\t\t\t<a href=\"https:\/\/ipsview.brownson.at\/?p=2794\">IPSView 6.5<\/a>\n\t\t\t\t\t\t\t\t\t<\/li>\n\t\t\t\t\t\t\t\t\t\t\t<li>\n\t\t\t\t\t<a href=\"https:\/\/ipsview.brownson.at\/?p=2810\">Passwort Schutz<\/a>\n\t\t\t\t\t\t\t\t\t<\/li>\n\t\t\t\t\t\t\t\t\t\t\t<li>\n\t\t\t\t\t<a href=\"https:\/\/ipsview.brownson.at\/?p=2774\">Anzeige von Meldungen<\/a>\n\t\t\t\t\t\t\t\t\t<\/li>\n\t\t\t\t\t\t\t\t\t\t\t<li>\n\t\t\t\t\t<a href=\"https:\/\/ipsview.brownson.at\/?p=2744\">Menu Overlay &#8211; Anzahl Licht<\/a>\n\t\t\t\t\t\t\t\t\t<\/li>\n\t\t\t\t\t\t\t\t\t\t\t<li>\n\t\t\t\t\t<a href=\"https:\/\/ipsview.brownson.at\/?p=2730\">Menu Overlay &#8211; T\u00fcre offen<\/a>\n\t\t\t\t\t\t\t\t\t<\/li>\n\t\t\t\t\t<\/ul>\n\n\t\t<\/section><section id=\"archives-2\" class=\"widget widget_archive\"><div class=\"heading\"><h4 class=\"widget-title\">Archiv<\/h4><\/div>\n\t\t\t<ul>\n\t\t\t\t\t<li><a href='https:\/\/ipsview.brownson.at\/?m=202603'>M\u00e4rz 2026 (1)<\/a><\/li>\n\t<li><a href='https:\/\/ipsview.brownson.at\/?m=202602'>Februar 2026 (1)<\/a><\/li>\n\t<li><a href='https:\/\/ipsview.brownson.at\/?m=202510'>Oktober 2025 (1)<\/a><\/li>\n\t<li><a href='https:\/\/ipsview.brownson.at\/?m=202507'>Juli 2025 (1)<\/a><\/li>\n\t<li><a href='https:\/\/ipsview.brownson.at\/?m=202506'>Juni 2025 (3)<\/a><\/li>\n\t<li><a href='https:\/\/ipsview.brownson.at\/?m=202505'>Mai 2025 (1)<\/a><\/li>\n\t<li><a href='https:\/\/ipsview.brownson.at\/?m=202504'>April 2025 (2)<\/a><\/li>\n\t<li><a href='https:\/\/ipsview.brownson.at\/?m=202412'>Dezember 2024 (1)<\/a><\/li>\n\t<li><a href='https:\/\/ipsview.brownson.at\/?m=202411'>November 2024 (2)<\/a><\/li>\n\t<li><a href='https:\/\/ipsview.brownson.at\/?m=202410'>Oktober 2024 (1)<\/a><\/li>\n\t<li><a href='https:\/\/ipsview.brownson.at\/?m=202404'>April 2024 (2)<\/a><\/li>\n\t<li><a href='https:\/\/ipsview.brownson.at\/?m=202403'>M\u00e4rz 2024 (2)<\/a><\/li>\n\t<li><a href='https:\/\/ipsview.brownson.at\/?m=202402'>Februar 2024 (5)<\/a><\/li>\n\t<li><a href='https:\/\/ipsview.brownson.at\/?m=202401'>Januar 2024 (2)<\/a><\/li>\n\t<li><a href='https:\/\/ipsview.brownson.at\/?m=202310'>Oktober 2023 (2)<\/a><\/li>\n\t<li><a href='https:\/\/ipsview.brownson.at\/?m=202305'>Mai 2023 (1)<\/a><\/li>\n\t<li><a href='https:\/\/ipsview.brownson.at\/?m=202301'>Januar 2023 (1)<\/a><\/li>\n\t<li><a href='https:\/\/ipsview.brownson.at\/?m=202211'>November 2022 (1)<\/a><\/li>\n\t<li><a href='https:\/\/ipsview.brownson.at\/?m=202205'>Mai 2022 (1)<\/a><\/li>\n\t<li><a href='https:\/\/ipsview.brownson.at\/?m=202012'>Dezember 2020 (1)<\/a><\/li>\n\t<li><a href='https:\/\/ipsview.brownson.at\/?m=202011'>November 2020 (1)<\/a><\/li>\n\t<li><a href='https:\/\/ipsview.brownson.at\/?m=202010'>Oktober 2020 (1)<\/a><\/li>\n\t<li><a href='https:\/\/ipsview.brownson.at\/?m=201912'>Dezember 2019 (1)<\/a><\/li>\n\t<li><a href='https:\/\/ipsview.brownson.at\/?m=201910'>Oktober 2019 (3)<\/a><\/li>\n\t<li><a href='https:\/\/ipsview.brownson.at\/?m=201909'>September 2019 (1)<\/a><\/li>\n\t<li><a href='https:\/\/ipsview.brownson.at\/?m=201908'>August 2019 (2)<\/a><\/li>\n\t<li><a href='https:\/\/ipsview.brownson.at\/?m=201907'>Juli 2019 (3)<\/a><\/li>\n\t<li><a href='https:\/\/ipsview.brownson.at\/?m=201905'>Mai 2019 (1)<\/a><\/li>\n\t<li><a href='https:\/\/ipsview.brownson.at\/?m=201811'>November 2018 (2)<\/a><\/li>\n\t<li><a href='https:\/\/ipsview.brownson.at\/?m=201810'>Oktober 2018 (11)<\/a><\/li>\n\t<li><a href='https:\/\/ipsview.brownson.at\/?m=201809'>September 2018 (2)<\/a><\/li>\n\t<li><a href='https:\/\/ipsview.brownson.at\/?m=201806'>Juni 2018 (1)<\/a><\/li>\n\t<li><a href='https:\/\/ipsview.brownson.at\/?m=201803'>M\u00e4rz 2018 (1)<\/a><\/li>\n\t<li><a href='https:\/\/ipsview.brownson.at\/?m=201710'>Oktober 2017 (1)<\/a><\/li>\n\t<li><a href='https:\/\/ipsview.brownson.at\/?m=201709'>September 2017 (2)<\/a><\/li>\n\t<li><a href='https:\/\/ipsview.brownson.at\/?m=201708'>August 2017 (1)<\/a><\/li>\n\t<li><a href='https:\/\/ipsview.brownson.at\/?m=201707'>Juli 2017 (2)<\/a><\/li>\n\t<li><a href='https:\/\/ipsview.brownson.at\/?m=201706'>Juni 2017 (5)<\/a><\/li>\n\t<li><a href='https:\/\/ipsview.brownson.at\/?m=201704'>April 2017 (2)<\/a><\/li>\n\t<li><a href='https:\/\/ipsview.brownson.at\/?m=201703'>M\u00e4rz 2017 (1)<\/a><\/li>\n\t<li><a href='https:\/\/ipsview.brownson.at\/?m=201702'>Februar 2017 (1)<\/a><\/li>\n\t<li><a href='https:\/\/ipsview.brownson.at\/?m=201701'>Januar 2017 (3)<\/a><\/li>\n\t<li><a href='https:\/\/ipsview.brownson.at\/?m=201610'>Oktober 2016 (1)<\/a><\/li>\n\t<li><a href='https:\/\/ipsview.brownson.at\/?m=201609'>September 2016 (2)<\/a><\/li>\n\t<li><a href='https:\/\/ipsview.brownson.at\/?m=201601'>Januar 2016 (2)<\/a><\/li>\n\t<li><a href='https:\/\/ipsview.brownson.at\/?m=201509'>September 2015 (1)<\/a><\/li>\n\t<li><a href='https:\/\/ipsview.brownson.at\/?m=201508'>August 2015 (2)<\/a><\/li>\n\t<li><a href='https:\/\/ipsview.brownson.at\/?m=201507'>Juli 2015 (1)<\/a><\/li>\n\t<li><a href='https:\/\/ipsview.brownson.at\/?m=201505'>Mai 2015 (2)<\/a><\/li>\n\t<li><a href='https:\/\/ipsview.brownson.at\/?m=201504'>April 2015 (4)<\/a><\/li>\n\t<li><a href='https:\/\/ipsview.brownson.at\/?m=201503'>M\u00e4rz 2015 (1)<\/a><\/li>\n\t<li><a href='https:\/\/ipsview.brownson.at\/?m=201502'>Februar 2015 (2)<\/a><\/li>\n\t<li><a href='https:\/\/ipsview.brownson.at\/?m=201501'>Januar 2015 (4)<\/a><\/li>\n\t<li><a href='https:\/\/ipsview.brownson.at\/?m=201412'>Dezember 2014 (2)<\/a><\/li>\n\t<li><a href='https:\/\/ipsview.brownson.at\/?m=201410'>Oktober 2014 (2)<\/a><\/li>\n\t<li><a href='https:\/\/ipsview.brownson.at\/?m=201409'>September 2014 (1)<\/a><\/li>\n\t<li><a href='https:\/\/ipsview.brownson.at\/?m=201408'>August 2014 (3)<\/a><\/li>\n\t<li><a href='https:\/\/ipsview.brownson.at\/?m=201407'>Juli 2014 (3)<\/a><\/li>\n\t<li><a href='https:\/\/ipsview.brownson.at\/?m=201406'>Juni 2014 (1)<\/a><\/li>\n\t\t\t<\/ul>\n\n\t\t\t<\/section><section id=\"categories-2\" class=\"widget widget_categories\"><div class=\"heading\"><h4 class=\"widget-title\">Kategorien<\/h4><\/div>\n\t\t\t<ul>\n\t\t\t\t\t<li class=\"cat-item cat-item-1\"><a href=\"https:\/\/ipsview.brownson.at\/?cat=1\">Allgemein<\/a>\n<\/li>\n\t<li class=\"cat-item cat-item-8\"><a href=\"https:\/\/ipsview.brownson.at\/?cat=8\">Backup<\/a>\n<\/li>\n\t<li class=\"cat-item cat-item-17\"><a href=\"https:\/\/ipsview.brownson.at\/?cat=17\">HowTo<\/a>\n<\/li>\n\t<li class=\"cat-item cat-item-55\"><a href=\"https:\/\/ipsview.brownson.at\/?cat=55\">Modul<\/a>\n<\/li>\n\t<li class=\"cat-item cat-item-9\"><a href=\"https:\/\/ipsview.brownson.at\/?cat=9\">News<\/a>\n<\/li>\n\t<li class=\"cat-item cat-item-6\"><a href=\"https:\/\/ipsview.brownson.at\/?cat=6\">Skripte<\/a>\n<\/li>\n\t<li class=\"cat-item cat-item-28\"><a href=\"https:\/\/ipsview.brownson.at\/?cat=28\">Undocumented Features<\/a>\n<\/li>\n\t<li class=\"cat-item cat-item-125\"><a href=\"https:\/\/ipsview.brownson.at\/?cat=125\">Video Tutorial<\/a>\n<\/li>\n\t<li class=\"cat-item cat-item-64\"><a href=\"https:\/\/ipsview.brownson.at\/?cat=64\">Workflows<\/a>\n<\/li>\n\t\t\t<\/ul>\n\n\t\t\t<\/section><div class=\"fusion-additional-widget-content\"><\/div><\/div><div class=\"fusion-clearfix\"><\/div><\/div><\/div><\/div><\/div>\n","protected":false},"excerpt":{"rendered":"","protected":false},"author":1,"featured_media":0,"parent":0,"menu_order":0,"comment_status":"closed","ping_status":"closed","template":"","meta":{"footnotes":""},"class_list":["post-1108","page","type-page","status-publish","hentry"],"_links":{"self":[{"href":"https:\/\/ipsview.brownson.at\/index.php?rest_route=\/wp\/v2\/pages\/1108","targetHints":{"allow":["GET"]}}],"collection":[{"href":"https:\/\/ipsview.brownson.at\/index.php?rest_route=\/wp\/v2\/pages"}],"about":[{"href":"https:\/\/ipsview.brownson.at\/index.php?rest_route=\/wp\/v2\/types\/page"}],"author":[{"embeddable":true,"href":"https:\/\/ipsview.brownson.at\/index.php?rest_route=\/wp\/v2\/users\/1"}],"replies":[{"embeddable":true,"href":"https:\/\/ipsview.brownson.at\/index.php?rest_route=%2Fwp%2Fv2%2Fcomments&post=1108"}],"version-history":[{"count":11,"href":"https:\/\/ipsview.brownson.at\/index.php?rest_route=\/wp\/v2\/pages\/1108\/revisions"}],"predecessor-version":[{"id":1206,"href":"https:\/\/ipsview.brownson.at\/index.php?rest_route=\/wp\/v2\/pages\/1108\/revisions\/1206"}],"wp:attachment":[{"href":"https:\/\/ipsview.brownson.at\/index.php?rest_route=%2Fwp%2Fv2%2Fmedia&parent=1108"}],"curies":[{"name":"wp","href":"https:\/\/api.w.org\/{rel}","templated":true}]}}