{"id":100,"date":"2014-02-11T21:05:53","date_gmt":"2014-02-11T19:05:53","guid":{"rendered":"http:\/\/ipsview.brownson.at\/?page_id=100"},"modified":"2022-12-03T22:35:43","modified_gmt":"2022-12-03T21:35:43","slug":"impressum","status":"publish","type":"page","link":"https:\/\/ipsview.brownson.at\/?page_id=100","title":{"rendered":"Impressum"},"content":{"rendered":"<h2>Domain-Inhaber<\/h2>\n<p>Andreas Brauneis<br \/>\nWasweg 44<br \/>\nA-2100 Korneuburg<\/p>\n<h2>Kontakt<\/h2>\n<p>E-Mail: <a href=\"mailto:info@brownson.at\">info@brownson.at<\/a><\/p>\n<h2>Nutzungsbedingungen<\/h2>\n<p>Der Inhalt dieser Webseite ist urheberrechtlich gesch\u00fctzt. Die Inhaber gew\u00e4hren Ihnen jedoch das Recht, den auf dieser Webseite bereitgestellten Text ganz oder ausschnittsweise zu speichern und zu vervielf\u00e4ltigen. Aus Gr\u00fcnden des Urheberrechts ist allerdings die Speicherung und Vervielf\u00e4ltigung von Bildmaterial oder Grafiken ohne vorherige schriftliche Genehmigung nicht gestattet\u00a0\u2013 ausgenommen jene Fotos, die speziell zum Download bereitgestellt sind. Die Speicherung des Quellcodes der einzelnen Seiten ist ebenfalls nicht zul\u00e4ssig. Alle nicht ausdr\u00fccklich einger\u00e4umten Rechte bleiben vorbehalten.<\/p>\n<h2>Haftungsausschluss<\/h2>\n<p>Wir sind im Rahmen des Zumutbaren bem\u00fcht, auf dieser Webseite richtige und vollst\u00e4ndige Informationen zur Verf\u00fcgung zu stellen. Wir \u00fcbernehmen jedoch keine Haftung oder Garantie f\u00fcr die Aktualit\u00e4t, Richtigkeit und Vollst\u00e4ndigkeit der auf dieser Website bereitgestellten Informationen. Dies gilt auch f\u00fcr alle Verbindungen (\u00bbLinks\u00ab), auf die diese Website direkt oder indirekt verweist. Wir sind f\u00fcr den Inhalt einer Seite, die mit einem solchen Link erreicht wird, nicht verantwortlich und distanzieren uns ausdr\u00fccklich davon.<br \/>\nWir behalten uns das Recht vor, ohne vorherige Ank\u00fcndigung \u00c4nderungen oder Erg\u00e4nzungen der bereitgestellten Informationen vorzunehmen.<br \/>\nWir haften nicht f\u00fcr direkte oder indirekte Sch\u00e4den, einschlie\u00dflich materieller Sch\u00e4den, die in Verbindung mit Informationen entstehen, die auf dieser Webseite bereitgehalten werden.<\/p>\n<h2>Online-Streitschlichtung<\/h2>\n<p>Zur Online-Beilegung verbraucherrechtlicher Streitigkeiten ist folgender Link EU-weit verf\u00fcgbar: <a href=\"http:\/\/ec.europa.eu\/consumers\/odr\/\">http:\/\/ec.europa.eu\/consumers\/odr\/<\/a><\/p>\n<p>&nbsp;<\/p>\n","protected":false},"excerpt":{"rendered":"<p>Domain-Inhaber Andreas Brauneis Wasweg 44 A-2100 Korneuburg Kontakt E-Mail: info@brownson.at  [&#8230;]<\/p>\n","protected":false},"author":1,"featured_media":0,"parent":0,"menu_order":0,"comment_status":"open","ping_status":"open","template":"","meta":{"footnotes":""},"class_list":["post-100","page","type-page","status-publish","hentry"],"_links":{"self":[{"href":"https:\/\/ipsview.brownson.at\/index.php?rest_route=\/wp\/v2\/pages\/100","targetHints":{"allow":["GET"]}}],"collection":[{"href":"https:\/\/ipsview.brownson.at\/index.php?rest_route=\/wp\/v2\/pages"}],"about":[{"href":"https:\/\/ipsview.brownson.at\/index.php?rest_route=\/wp\/v2\/types\/page"}],"author":[{"embeddable":true,"href":"https:\/\/ipsview.brownson.at\/index.php?rest_route=\/wp\/v2\/users\/1"}],"replies":[{"embeddable":true,"href":"https:\/\/ipsview.brownson.at\/index.php?rest_route=%2Fwp%2Fv2%2Fcomments&post=100"}],"version-history":[{"count":9,"href":"https:\/\/ipsview.brownson.at\/index.php?rest_route=\/wp\/v2\/pages\/100\/revisions"}],"predecessor-version":[{"id":1388,"href":"https:\/\/ipsview.brownson.at\/index.php?rest_route=\/wp\/v2\/pages\/100\/revisions\/1388"}],"wp:attachment":[{"href":"https:\/\/ipsview.brownson.at\/index.php?rest_route=%2Fwp%2Fv2%2Fmedia&parent=100"}],"curies":[{"name":"wp","href":"https:\/\/api.w.org\/{rel}","templated":true}]}}